{"id":1446,"date":"2025-11-19T15:10:08","date_gmt":"2025-11-19T15:10:08","guid":{"rendered":"https:\/\/sustania.pe\/?page_id=1446"},"modified":"2025-11-26T19:21:40","modified_gmt":"2025-11-26T19:21:40","slug":"terminos-y-condiciones-2","status":"publish","type":"page","link":"https:\/\/sustania.pe\/en\/terminos-y-condiciones-2\/","title":{"rendered":"Pol\u00edtica de Protecci\u00f3n"},"content":{"rendered":"<div data-elementor-type=\"wp-page\" data-elementor-id=\"1446\" class=\"elementor elementor-1446\" data-elementor-settings=\"{&quot;element_pack_global_tooltip_width&quot;:{&quot;unit&quot;:&quot;px&quot;,&quot;size&quot;:&quot;&quot;,&quot;sizes&quot;:[]},&quot;element_pack_global_tooltip_width_tablet&quot;:{&quot;unit&quot;:&quot;px&quot;,&quot;size&quot;:&quot;&quot;,&quot;sizes&quot;:[]},&quot;element_pack_global_tooltip_width_mobile&quot;:{&quot;unit&quot;:&quot;px&quot;,&quot;size&quot;:&quot;&quot;,&quot;sizes&quot;:[]},&quot;element_pack_global_tooltip_padding&quot;:{&quot;unit&quot;:&quot;px&quot;,&quot;top&quot;:&quot;&quot;,&quot;right&quot;:&quot;&quot;,&quot;bottom&quot;:&quot;&quot;,&quot;left&quot;:&quot;&quot;,&quot;isLinked&quot;:true},&quot;element_pack_global_tooltip_padding_tablet&quot;:{&quot;unit&quot;:&quot;px&quot;,&quot;top&quot;:&quot;&quot;,&quot;right&quot;:&quot;&quot;,&quot;bottom&quot;:&quot;&quot;,&quot;left&quot;:&quot;&quot;,&quot;isLinked&quot;:true},&quot;element_pack_global_tooltip_padding_mobile&quot;:{&quot;unit&quot;:&quot;px&quot;,&quot;top&quot;:&quot;&quot;,&quot;right&quot;:&quot;&quot;,&quot;bottom&quot;:&quot;&quot;,&quot;left&quot;:&quot;&quot;,&quot;isLinked&quot;:true},&quot;element_pack_global_tooltip_border_radius&quot;:{&quot;unit&quot;:&quot;px&quot;,&quot;top&quot;:&quot;&quot;,&quot;right&quot;:&quot;&quot;,&quot;bottom&quot;:&quot;&quot;,&quot;left&quot;:&quot;&quot;,&quot;isLinked&quot;:true},&quot;element_pack_global_tooltip_border_radius_tablet&quot;:{&quot;unit&quot;:&quot;px&quot;,&quot;top&quot;:&quot;&quot;,&quot;right&quot;:&quot;&quot;,&quot;bottom&quot;:&quot;&quot;,&quot;left&quot;:&quot;&quot;,&quot;isLinked&quot;:true},&quot;element_pack_global_tooltip_border_radius_mobile&quot;:{&quot;unit&quot;:&quot;px&quot;,&quot;top&quot;:&quot;&quot;,&quot;right&quot;:&quot;&quot;,&quot;bottom&quot;:&quot;&quot;,&quot;left&quot;:&quot;&quot;,&quot;isLinked&quot;:true}}\" data-elementor-post-type=\"page\">\n\t\t\t\t<div class=\"elementor-element elementor-element-92c4dcd e-flex e-con-boxed e-con e-parent\" data-id=\"92c4dcd\" data-element_type=\"container\">\n\t\t\t\t\t<div class=\"e-con-inner\">\n\t\t\t\t<div class=\"elementor-element elementor-element-2a3dff5 elementor-widget elementor-widget-heading\" data-id=\"2a3dff5\" data-element_type=\"widget\" data-widget_type=\"heading.default\">\n\t\t\t\t\t<h2 class=\"elementor-heading-title elementor-size-default\">Policy of Protection of Personal Data<\/h2>\t\t\t\t<\/div>\n\t\t\t\t<div class=\"elementor-element elementor-element-ca2de7e elementor-widget elementor-widget-text-editor\" data-id=\"ca2de7e\" data-element_type=\"widget\" data-widget_type=\"text-editor.default\">\n\t\t\t\t\t\t\t\t\t<p>Responsible:<\/p><p>Social Reason: <strong>Green Building Consultants E. I. R. L. <\/strong><br \/>RUC 20614022044<br \/>Address: Av Juan de Aliaga Nro. 687 Magdalena del Mar, Lima, Peru<br \/>Business Name: Sustania<\/p><p>Web site: www.sustania.pe <br \/>Contact email: cluna@sustania.pe<\/p><p>\u00a0<\/p><p>This policy details how we manage our data banks and the measures applicable in accordance with the Law no. 29733, and its Regulations.<\/p><p><strong>1.Banks of data and purposes<\/strong><\/p><ul><li>Clients and Potential clients: management of commercial\/contractual, care consultations, after-sales and warranties.<\/li><li>Providers and Locadores: management contracts and payments.<\/li><li>Applicants and Employees (if applicable): selection, management of the employment relationship and compliance with labor obligations.<\/li><li>Book of Claims: attention and response to complaints and grievances.<\/li><li>Contacts Web: management of communications submitted forms and digital channels.<\/li><\/ul><p>With consent, we may send you commercial communications.<\/p><p><strong>2.Principles and foundations of legitimacy<\/strong><\/p><p>We legality, consent, order, proportionality, safety and quality. We process the data for the execution of contractual relations, legal compliance, legitimate interest in security and, where appropriate, with the consent of the owner.<\/p><p><strong>3.Conservation<\/strong><\/p><p>The data is kept for the duration of the relationship and for the periods of limitation applicable. For marketing, until the revocation of consent. Book documentation of Claims: minimum 2 years.<\/p><p><strong>4.Managers and transfers<\/strong><\/p><p>We can order treatment to third parties (hosting, email, CRM, messaging, analytics, support), even outside of Peru, under the provisions of confidentiality and security.<\/p><p><strong>5.Security measures<\/strong><\/p><p>We take appropriate technical, organizational, and legal-oriented to protect the confidentiality, integrity and availability of personal data.<\/p><p><strong>6.Rights of the holder and procedure<\/strong><\/p><p>The holder can exercise: Information (8 days), Access (20), Rectification\/Cancellation\/Opposition (10). To do this, write to cluna@sustania.pe with your ID or document of the representative, indicating the right you wish to exercise.<\/p><p><strong>7.Underage<\/strong><\/p><p>Only we process data of minors with consent of their parents or legal guardians.<\/p><p><strong>8.Cookies<\/strong><\/p><p>We use necessary cookies and, if that is the case, cookies analytics\/advertising with the user's consent.<\/p><p><strong>9.Updates<\/strong><\/p><p>We will post any changes to this policy on our web site, with the effective date.<\/p>\t\t\t\t\t\t\t\t<\/div>\n\t\t\t\t\t<\/div>\n\t\t\t\t<\/div>\n\t\t\t\t<\/div>","protected":false},"excerpt":{"rendered":"<p>Pol\u00edtica de Protecci\u00f3n de Datos Personales Responsable: Raz\u00f3n Social: Green Building Consultants E.I.R.L. RUC 20614022044Direcci\u00f3n: Av. Juan de Aliaga Nro. [&hellip;]<\/p>","protected":false},"author":1,"featured_media":0,"parent":0,"menu_order":0,"comment_status":"closed","ping_status":"closed","template":"","meta":{"site-sidebar-layout":"no-sidebar","site-content-layout":"","ast-site-content-layout":"full-width-container","site-content-style":"default","site-sidebar-style":"default","ast-global-header-display":"","ast-banner-title-visibility":"","ast-main-header-display":"","ast-hfb-above-header-display":"","ast-hfb-below-header-display":"","ast-hfb-mobile-header-display":"","site-post-title":"","ast-breadcrumbs-content":"","ast-featured-img":"disabled","footer-sml-layout":"","theme-transparent-header-meta":"","adv-header-id-meta":"","stick-header-meta":"","header-above-stick-meta":"","header-main-stick-meta":"","header-below-stick-meta":"","astra-migrate-meta-layouts":"default","ast-page-background-enabled":"default","ast-page-background-meta":{"desktop":{"background-color":"var(--ast-global-color-5)","background-image":"","background-repeat":"repeat","background-position":"center center","background-size":"auto","background-attachment":"scroll","background-type":"","background-media":"","overlay-type":"","overlay-color":"","overlay-opacity":"","overlay-gradient":""},"tablet":{"background-color":"","background-image":"","background-repeat":"repeat","background-position":"center center","background-size":"auto","background-attachment":"scroll","background-type":"","background-media":"","overlay-type":"","overlay-color":"","overlay-opacity":"","overlay-gradient":""},"mobile":{"background-color":"","background-image":"","background-repeat":"repeat","background-position":"center center","background-size":"auto","background-attachment":"scroll","background-type":"","background-media":"","overlay-type":"","overlay-color":"","overlay-opacity":"","overlay-gradient":""}},"ast-content-background-meta":{"desktop":{"background-color":"var(--ast-global-color-4)","background-image":"","background-repeat":"repeat","background-position":"center center","background-size":"auto","background-attachment":"scroll","background-type":"","background-media":"","overlay-type":"","overlay-color":"","overlay-opacity":"","overlay-gradient":""},"tablet":{"background-color":"var(--ast-global-color-4)","background-image":"","background-repeat":"repeat","background-position":"center center","background-size":"auto","background-attachment":"scroll","background-type":"","background-media":"","overlay-type":"","overlay-color":"","overlay-opacity":"","overlay-gradient":""},"mobile":{"background-color":"var(--ast-global-color-4)","background-image":"","background-repeat":"repeat","background-position":"center center","background-size":"auto","background-attachment":"scroll","background-type":"","background-media":"","overlay-type":"","overlay-color":"","overlay-opacity":"","overlay-gradient":""}},"_joinchat":[],"footnotes":""},"class_list":["post-1446","page","type-page","status-publish","hentry"],"yoast_head":"<!-- This site is optimized with the Yoast SEO plugin v26.5 - https:\/\/yoast.com\/wordpress\/plugins\/seo\/ -->\n<title>Pol\u00edtica de Protecci\u00f3n - sustania.pe<\/title>\n<meta name=\"robots\" content=\"index, follow, max-snippet:-1, max-image-preview:large, max-video-preview:-1\" \/>\n<link rel=\"canonical\" href=\"https:\/\/sustania.pe\/en\/terminos-y-condiciones-2\/\" \/>\n<meta property=\"og:locale\" content=\"en_US\" \/>\n<meta property=\"og:type\" content=\"article\" \/>\n<meta property=\"og:title\" content=\"Pol\u00edtica de Protecci\u00f3n - sustania.pe\" \/>\n<meta property=\"og:description\" content=\"Pol\u00edtica de Protecci\u00f3n de Datos Personales Responsable: Raz\u00f3n Social: Green Building Consultants E.I.R.L. RUC 20614022044Direcci\u00f3n: Av. Juan de Aliaga Nro. [&hellip;]\" \/>\n<meta property=\"og:url\" content=\"https:\/\/sustania.pe\/en\/terminos-y-condiciones-2\/\" \/>\n<meta property=\"og:site_name\" content=\"sustania.pe\" \/>\n<meta property=\"article:modified_time\" content=\"2025-11-26T19:21:40+00:00\" \/>\n<meta property=\"og:image\" content=\"https:\/\/sustania.pe\/wp-content\/uploads\/2025\/11\/cropped-Logo-sustania-4.png\" \/>\n\t<meta property=\"og:image:width\" content=\"512\" \/>\n\t<meta property=\"og:image:height\" content=\"512\" \/>\n\t<meta property=\"og:image:type\" content=\"image\/png\" \/>\n<meta name=\"twitter:card\" content=\"summary_large_image\" \/>\n<meta name=\"twitter:label1\" content=\"Est. reading time\" \/>\n\t<meta name=\"twitter:data1\" content=\"2 minutes\" \/>\n<script type=\"application\/ld+json\" class=\"yoast-schema-graph\">{\"@context\":\"https:\/\/schema.org\",\"@graph\":[{\"@type\":\"WebPage\",\"@id\":\"https:\/\/sustania.pe\/terminos-y-condiciones-2\/\",\"url\":\"https:\/\/sustania.pe\/terminos-y-condiciones-2\/\",\"name\":\"Pol\u00edtica de Protecci\u00f3n - sustania.pe\",\"isPartOf\":{\"@id\":\"https:\/\/sustania.pe\/#website\"},\"datePublished\":\"2025-11-19T15:10:08+00:00\",\"dateModified\":\"2025-11-26T19:21:40+00:00\",\"breadcrumb\":{\"@id\":\"https:\/\/sustania.pe\/terminos-y-condiciones-2\/#breadcrumb\"},\"inLanguage\":\"en-US\",\"potentialAction\":[{\"@type\":\"ReadAction\",\"target\":[\"https:\/\/sustania.pe\/terminos-y-condiciones-2\/\"]}]},{\"@type\":\"BreadcrumbList\",\"@id\":\"https:\/\/sustania.pe\/terminos-y-condiciones-2\/#breadcrumb\",\"itemListElement\":[{\"@type\":\"ListItem\",\"position\":1,\"name\":\"Portada\",\"item\":\"https:\/\/sustania.pe\/\"},{\"@type\":\"ListItem\",\"position\":2,\"name\":\"Pol\u00edtica de Protecci\u00f3n\"}]},{\"@type\":\"WebSite\",\"@id\":\"https:\/\/sustania.pe\/#website\",\"url\":\"https:\/\/sustania.pe\/\",\"name\":\"sustania.pe\",\"description\":\"\",\"publisher\":{\"@id\":\"https:\/\/sustania.pe\/#organization\"},\"potentialAction\":[{\"@type\":\"SearchAction\",\"target\":{\"@type\":\"EntryPoint\",\"urlTemplate\":\"https:\/\/sustania.pe\/?s={search_term_string}\"},\"query-input\":{\"@type\":\"PropertyValueSpecification\",\"valueRequired\":true,\"valueName\":\"search_term_string\"}}],\"inLanguage\":\"en-US\"},{\"@type\":\"Organization\",\"@id\":\"https:\/\/sustania.pe\/#organization\",\"name\":\"sustania.pe\",\"url\":\"https:\/\/sustania.pe\/\",\"logo\":{\"@type\":\"ImageObject\",\"inLanguage\":\"en-US\",\"@id\":\"https:\/\/sustania.pe\/#\/schema\/logo\/image\/\",\"url\":\"https:\/\/sustania.pe\/wp-content\/uploads\/2025\/11\/cropped-Logo-sustania-scaled-1.png\",\"contentUrl\":\"https:\/\/sustania.pe\/wp-content\/uploads\/2025\/11\/cropped-Logo-sustania-scaled-1.png\",\"width\":2353,\"height\":282,\"caption\":\"sustania.pe\"},\"image\":{\"@id\":\"https:\/\/sustania.pe\/#\/schema\/logo\/image\/\"}}]}<\/script>\n<!-- \/ Yoast SEO plugin. -->","yoast_head_json":{"title":"Pol\u00edtica de Protecci\u00f3n - sustania.pe","robots":{"index":"index","follow":"follow","max-snippet":"max-snippet:-1","max-image-preview":"max-image-preview:large","max-video-preview":"max-video-preview:-1"},"canonical":"https:\/\/sustania.pe\/en\/terminos-y-condiciones-2\/","og_locale":"en_US","og_type":"article","og_title":"Pol\u00edtica de Protecci\u00f3n - sustania.pe","og_description":"Pol\u00edtica de Protecci\u00f3n de Datos Personales Responsable: Raz\u00f3n Social: Green Building Consultants E.I.R.L. RUC 20614022044Direcci\u00f3n: Av. Juan de Aliaga Nro. [&hellip;]","og_url":"https:\/\/sustania.pe\/en\/terminos-y-condiciones-2\/","og_site_name":"sustania.pe","article_modified_time":"2025-11-26T19:21:40+00:00","og_image":[{"width":512,"height":512,"url":"https:\/\/sustania.pe\/wp-content\/uploads\/2025\/11\/cropped-Logo-sustania-4.png","type":"image\/png"}],"twitter_card":"summary_large_image","twitter_misc":{"Est. reading time":"2 minutes"},"schema":{"@context":"https:\/\/schema.org","@graph":[{"@type":"WebPage","@id":"https:\/\/sustania.pe\/terminos-y-condiciones-2\/","url":"https:\/\/sustania.pe\/terminos-y-condiciones-2\/","name":"Pol\u00edtica de Protecci\u00f3n - sustania.pe","isPartOf":{"@id":"https:\/\/sustania.pe\/#website"},"datePublished":"2025-11-19T15:10:08+00:00","dateModified":"2025-11-26T19:21:40+00:00","breadcrumb":{"@id":"https:\/\/sustania.pe\/terminos-y-condiciones-2\/#breadcrumb"},"inLanguage":"en-US","potentialAction":[{"@type":"ReadAction","target":["https:\/\/sustania.pe\/terminos-y-condiciones-2\/"]}]},{"@type":"BreadcrumbList","@id":"https:\/\/sustania.pe\/terminos-y-condiciones-2\/#breadcrumb","itemListElement":[{"@type":"ListItem","position":1,"name":"Portada","item":"https:\/\/sustania.pe\/"},{"@type":"ListItem","position":2,"name":"Pol\u00edtica de Protecci\u00f3n"}]},{"@type":"WebSite","@id":"https:\/\/sustania.pe\/#website","url":"https:\/\/sustania.pe\/","name":"sustania.pe","description":"","publisher":{"@id":"https:\/\/sustania.pe\/#organization"},"potentialAction":[{"@type":"SearchAction","target":{"@type":"EntryPoint","urlTemplate":"https:\/\/sustania.pe\/?s={search_term_string}"},"query-input":{"@type":"PropertyValueSpecification","valueRequired":true,"valueName":"search_term_string"}}],"inLanguage":"en-US"},{"@type":"Organization","@id":"https:\/\/sustania.pe\/#organization","name":"sustania.pe","url":"https:\/\/sustania.pe\/","logo":{"@type":"ImageObject","inLanguage":"en-US","@id":"https:\/\/sustania.pe\/#\/schema\/logo\/image\/","url":"https:\/\/sustania.pe\/wp-content\/uploads\/2025\/11\/cropped-Logo-sustania-scaled-1.png","contentUrl":"https:\/\/sustania.pe\/wp-content\/uploads\/2025\/11\/cropped-Logo-sustania-scaled-1.png","width":2353,"height":282,"caption":"sustania.pe"},"image":{"@id":"https:\/\/sustania.pe\/#\/schema\/logo\/image\/"}}]}},"_hostinger_reach_plugin_has_subscription_block":false,"_hostinger_reach_plugin_is_elementor":false,"_links":{"self":[{"href":"https:\/\/sustania.pe\/en\/wp-json\/wp\/v2\/pages\/1446","targetHints":{"allow":["GET"]}}],"collection":[{"href":"https:\/\/sustania.pe\/en\/wp-json\/wp\/v2\/pages"}],"about":[{"href":"https:\/\/sustania.pe\/en\/wp-json\/wp\/v2\/types\/page"}],"author":[{"embeddable":true,"href":"https:\/\/sustania.pe\/en\/wp-json\/wp\/v2\/users\/1"}],"replies":[{"embeddable":true,"href":"https:\/\/sustania.pe\/en\/wp-json\/wp\/v2\/comments?post=1446"}],"version-history":[{"count":7,"href":"https:\/\/sustania.pe\/en\/wp-json\/wp\/v2\/pages\/1446\/revisions"}],"predecessor-version":[{"id":2110,"href":"https:\/\/sustania.pe\/en\/wp-json\/wp\/v2\/pages\/1446\/revisions\/2110"}],"wp:attachment":[{"href":"https:\/\/sustania.pe\/en\/wp-json\/wp\/v2\/media?parent=1446"}],"curies":[{"name":"wp","href":"https:\/\/api.w.org\/{rel}","templated":true}]}}