{"id":18,"date":"2025-10-26T22:00:01","date_gmt":"2025-10-26T22:00:01","guid":{"rendered":"https:\/\/sustania.pe\/?page_id=18"},"modified":"2025-11-26T20:28:26","modified_gmt":"2025-11-26T20:28:26","slug":"terminos-y-condiciones","status":"publish","type":"page","link":"https:\/\/sustania.pe\/en\/terminos-y-condiciones\/","title":{"rendered":"Terms and conditions"},"content":{"rendered":"<div data-elementor-type=\"wp-page\" data-elementor-id=\"18\" class=\"elementor elementor-18\" data-elementor-settings=\"{&quot;element_pack_global_tooltip_width&quot;:{&quot;unit&quot;:&quot;px&quot;,&quot;size&quot;:&quot;&quot;,&quot;sizes&quot;:[]},&quot;element_pack_global_tooltip_width_tablet&quot;:{&quot;unit&quot;:&quot;px&quot;,&quot;size&quot;:&quot;&quot;,&quot;sizes&quot;:[]},&quot;element_pack_global_tooltip_width_mobile&quot;:{&quot;unit&quot;:&quot;px&quot;,&quot;size&quot;:&quot;&quot;,&quot;sizes&quot;:[]},&quot;element_pack_global_tooltip_padding&quot;:{&quot;unit&quot;:&quot;px&quot;,&quot;top&quot;:&quot;&quot;,&quot;right&quot;:&quot;&quot;,&quot;bottom&quot;:&quot;&quot;,&quot;left&quot;:&quot;&quot;,&quot;isLinked&quot;:true},&quot;element_pack_global_tooltip_padding_tablet&quot;:{&quot;unit&quot;:&quot;px&quot;,&quot;top&quot;:&quot;&quot;,&quot;right&quot;:&quot;&quot;,&quot;bottom&quot;:&quot;&quot;,&quot;left&quot;:&quot;&quot;,&quot;isLinked&quot;:true},&quot;element_pack_global_tooltip_padding_mobile&quot;:{&quot;unit&quot;:&quot;px&quot;,&quot;top&quot;:&quot;&quot;,&quot;right&quot;:&quot;&quot;,&quot;bottom&quot;:&quot;&quot;,&quot;left&quot;:&quot;&quot;,&quot;isLinked&quot;:true},&quot;element_pack_global_tooltip_border_radius&quot;:{&quot;unit&quot;:&quot;px&quot;,&quot;top&quot;:&quot;&quot;,&quot;right&quot;:&quot;&quot;,&quot;bottom&quot;:&quot;&quot;,&quot;left&quot;:&quot;&quot;,&quot;isLinked&quot;:true},&quot;element_pack_global_tooltip_border_radius_tablet&quot;:{&quot;unit&quot;:&quot;px&quot;,&quot;top&quot;:&quot;&quot;,&quot;right&quot;:&quot;&quot;,&quot;bottom&quot;:&quot;&quot;,&quot;left&quot;:&quot;&quot;,&quot;isLinked&quot;:true},&quot;element_pack_global_tooltip_border_radius_mobile&quot;:{&quot;unit&quot;:&quot;px&quot;,&quot;top&quot;:&quot;&quot;,&quot;right&quot;:&quot;&quot;,&quot;bottom&quot;:&quot;&quot;,&quot;left&quot;:&quot;&quot;,&quot;isLinked&quot;:true}}\" data-elementor-post-type=\"page\">\n\t\t\t\t<div class=\"elementor-element elementor-element-92c4dcd e-flex e-con-boxed e-con e-parent\" data-id=\"92c4dcd\" data-element_type=\"container\">\n\t\t\t\t\t<div class=\"e-con-inner\">\n\t\t\t\t<div class=\"elementor-element elementor-element-2a3dff5 elementor-widget elementor-widget-heading\" data-id=\"2a3dff5\" data-element_type=\"widget\" data-widget_type=\"heading.default\">\n\t\t\t\t\t<h2 class=\"elementor-heading-title elementor-size-default\">Terms and Conditions<\/h2>\t\t\t\t<\/div>\n\t\t\t\t<div class=\"elementor-element elementor-element-ca2de7e elementor-widget elementor-widget-text-editor\" data-id=\"ca2de7e\" data-element_type=\"widget\" data-widget_type=\"text-editor.default\">\n\t\t\t\t\t\t\t\t\t<p>Access to and use of www.sustania.pe acceptance of these Terms and the Privacy Policy. If you do not agree, please do not use the site.<\/p><p>Responsible: <strong>Green Building Consultants E. I. R. L. <\/strong>\u00a0with RUC 20614022044. Address: Av Juan de Aliaga Nro. 687 Magdalena del Mar, Lima, Peru. <br \/>Business Name: Sustania<\/p><p>E-mail: cluna@sustania.pe.<\/p><p><strong>1.Use of the site<\/strong><\/p><p>You agree to use the site in a lawful and diligent. It is prohibited to introduce malware, attempting unauthorized access or perform scraping automated not allowed.<\/p><p>2.<strong>Content and quotes<\/strong><\/p><p>The technical information, images and documents from the site is referential. The contributions of formal will be sent through official channels, and may be subject to validation techniques, availability and specific conditions.<\/p><p><strong>3.Intellectual property<\/strong><\/p><p>All site content (brands, logos, texts, graphics, photographs, videos, and software) belongs to SUSTANIA or its licensors. No license is granted without prior written authorization.<\/p><p>4.<strong>Third-party links<\/strong><\/p><p>We may link to third party sites. SUSTANIA not control and is not responsible for the content, policies or practices. Check out their terms and policies before using them.<\/p><p><strong>5.Responsibility and availability<\/strong><\/p><p>To the extent permitted by law, SUSTANIA will not be liable for consequential damages or lost profits arising out of the use or inability to use the site. We do not guarantee operation uninterrupted or error-free.<\/p><p><strong>6.Protection of personal data<\/strong><\/p><p>The data processing is governed by the Privacy Policy available on the site, and the regulations peruvian applicable.<\/p><p><strong>7.Complaints book<\/strong><\/p><p>We have a Complaints Book virtual accessible from the site. We cater to the requests within the statutory time limits.<\/p><p><strong>8.Modifications<\/strong><\/p><p>We may update these Terms at any time. The current version will be that published on the site with their date of update.<\/p><p><strong>9.Applicable law and jurisdiction<\/strong><\/p><p>These Terms are governed by the laws of the Republic of Peru. The disputes are subject to the courts of Lima, except peremptory norm different.<\/p><p><strong>10.Contact<\/strong><\/p><p>Queries about the site or these Terms: cluna@sustania.pe.<\/p>\t\t\t\t\t\t\t\t<\/div>\n\t\t\t\t\t<\/div>\n\t\t\t\t<\/div>\n\t\t\t\t<\/div>","protected":false},"excerpt":{"rendered":"<p>T\u00e9rminos y Condiciones El acceso y uso de www.sustania.pe implican la aceptaci\u00f3n de estos T\u00e9rminos y de la Pol\u00edtica de [&hellip;]<\/p>","protected":false},"author":1,"featured_media":0,"parent":0,"menu_order":0,"comment_status":"closed","ping_status":"closed","template":"","meta":{"site-sidebar-layout":"no-sidebar","site-content-layout":"","ast-site-content-layout":"full-width-container","site-content-style":"default","site-sidebar-style":"default","ast-global-header-display":"","ast-banner-title-visibility":"","ast-main-header-display":"","ast-hfb-above-header-display":"","ast-hfb-below-header-display":"","ast-hfb-mobile-header-display":"","site-post-title":"","ast-breadcrumbs-content":"","ast-featured-img":"disabled","footer-sml-layout":"","theme-transparent-header-meta":"","adv-header-id-meta":"","stick-header-meta":"","header-above-stick-meta":"","header-main-stick-meta":"","header-below-stick-meta":"","astra-migrate-meta-layouts":"default","ast-page-background-enabled":"default","ast-page-background-meta":{"desktop":{"background-color":"var(--ast-global-color-5)","background-image":"","background-repeat":"repeat","background-position":"center center","background-size":"auto","background-attachment":"scroll","background-type":"","background-media":"","overlay-type":"","overlay-color":"","overlay-opacity":"","overlay-gradient":""},"tablet":{"background-color":"","background-image":"","background-repeat":"repeat","background-position":"center center","background-size":"auto","background-attachment":"scroll","background-type":"","background-media":"","overlay-type":"","overlay-color":"","overlay-opacity":"","overlay-gradient":""},"mobile":{"background-color":"","background-image":"","background-repeat":"repeat","background-position":"center center","background-size":"auto","background-attachment":"scroll","background-type":"","background-media":"","overlay-type":"","overlay-color":"","overlay-opacity":"","overlay-gradient":""}},"ast-content-background-meta":{"desktop":{"background-color":"var(--ast-global-color-4)","background-image":"","background-repeat":"repeat","background-position":"center center","background-size":"auto","background-attachment":"scroll","background-type":"","background-media":"","overlay-type":"","overlay-color":"","overlay-opacity":"","overlay-gradient":""},"tablet":{"background-color":"var(--ast-global-color-4)","background-image":"","background-repeat":"repeat","background-position":"center center","background-size":"auto","background-attachment":"scroll","background-type":"","background-media":"","overlay-type":"","overlay-color":"","overlay-opacity":"","overlay-gradient":""},"mobile":{"background-color":"var(--ast-global-color-4)","background-image":"","background-repeat":"repeat","background-position":"center center","background-size":"auto","background-attachment":"scroll","background-type":"","background-media":"","overlay-type":"","overlay-color":"","overlay-opacity":"","overlay-gradient":""}},"_joinchat":[],"footnotes":""},"class_list":["post-18","page","type-page","status-publish","hentry"],"yoast_head":"<!-- This site is optimized with the Yoast SEO plugin v26.5 - https:\/\/yoast.com\/wordpress\/plugins\/seo\/ -->\n<title>T\u00e9rminos y condiciones - sustania.pe<\/title>\n<meta name=\"robots\" content=\"index, follow, max-snippet:-1, max-image-preview:large, max-video-preview:-1\" \/>\n<link rel=\"canonical\" href=\"https:\/\/sustania.pe\/en\/terminos-y-condiciones\/\" \/>\n<meta property=\"og:locale\" content=\"en_US\" \/>\n<meta property=\"og:type\" content=\"article\" \/>\n<meta property=\"og:title\" content=\"T\u00e9rminos y condiciones - sustania.pe\" \/>\n<meta property=\"og:description\" content=\"T\u00e9rminos y Condiciones El acceso y uso de www.sustania.pe implican la aceptaci\u00f3n de estos T\u00e9rminos y de la Pol\u00edtica de [&hellip;]\" \/>\n<meta property=\"og:url\" content=\"https:\/\/sustania.pe\/en\/terminos-y-condiciones\/\" \/>\n<meta property=\"og:site_name\" content=\"sustania.pe\" \/>\n<meta property=\"article:modified_time\" content=\"2025-11-26T20:28:26+00:00\" \/>\n<meta property=\"og:image\" content=\"https:\/\/sustania.pe\/wp-content\/uploads\/2025\/11\/cropped-Logo-sustania-4.png\" \/>\n\t<meta property=\"og:image:width\" content=\"512\" \/>\n\t<meta property=\"og:image:height\" content=\"512\" \/>\n\t<meta property=\"og:image:type\" content=\"image\/png\" \/>\n<meta name=\"twitter:card\" content=\"summary_large_image\" \/>\n<meta name=\"twitter:label1\" content=\"Est. reading time\" \/>\n\t<meta name=\"twitter:data1\" content=\"2 minutes\" \/>\n<script type=\"application\/ld+json\" class=\"yoast-schema-graph\">{\"@context\":\"https:\/\/schema.org\",\"@graph\":[{\"@type\":\"WebPage\",\"@id\":\"https:\/\/sustania.pe\/terminos-y-condiciones\/\",\"url\":\"https:\/\/sustania.pe\/terminos-y-condiciones\/\",\"name\":\"T\u00e9rminos y condiciones - sustania.pe\",\"isPartOf\":{\"@id\":\"https:\/\/sustania.pe\/#website\"},\"datePublished\":\"2025-10-26T22:00:01+00:00\",\"dateModified\":\"2025-11-26T20:28:26+00:00\",\"breadcrumb\":{\"@id\":\"https:\/\/sustania.pe\/terminos-y-condiciones\/#breadcrumb\"},\"inLanguage\":\"en-US\",\"potentialAction\":[{\"@type\":\"ReadAction\",\"target\":[\"https:\/\/sustania.pe\/terminos-y-condiciones\/\"]}]},{\"@type\":\"BreadcrumbList\",\"@id\":\"https:\/\/sustania.pe\/terminos-y-condiciones\/#breadcrumb\",\"itemListElement\":[{\"@type\":\"ListItem\",\"position\":1,\"name\":\"Portada\",\"item\":\"https:\/\/sustania.pe\/\"},{\"@type\":\"ListItem\",\"position\":2,\"name\":\"T\u00e9rminos y condiciones\"}]},{\"@type\":\"WebSite\",\"@id\":\"https:\/\/sustania.pe\/#website\",\"url\":\"https:\/\/sustania.pe\/\",\"name\":\"sustania.pe\",\"description\":\"\",\"publisher\":{\"@id\":\"https:\/\/sustania.pe\/#organization\"},\"potentialAction\":[{\"@type\":\"SearchAction\",\"target\":{\"@type\":\"EntryPoint\",\"urlTemplate\":\"https:\/\/sustania.pe\/?s={search_term_string}\"},\"query-input\":{\"@type\":\"PropertyValueSpecification\",\"valueRequired\":true,\"valueName\":\"search_term_string\"}}],\"inLanguage\":\"en-US\"},{\"@type\":\"Organization\",\"@id\":\"https:\/\/sustania.pe\/#organization\",\"name\":\"sustania.pe\",\"url\":\"https:\/\/sustania.pe\/\",\"logo\":{\"@type\":\"ImageObject\",\"inLanguage\":\"en-US\",\"@id\":\"https:\/\/sustania.pe\/#\/schema\/logo\/image\/\",\"url\":\"https:\/\/sustania.pe\/wp-content\/uploads\/2025\/11\/cropped-Logo-sustania-scaled-1.png\",\"contentUrl\":\"https:\/\/sustania.pe\/wp-content\/uploads\/2025\/11\/cropped-Logo-sustania-scaled-1.png\",\"width\":2353,\"height\":282,\"caption\":\"sustania.pe\"},\"image\":{\"@id\":\"https:\/\/sustania.pe\/#\/schema\/logo\/image\/\"}}]}<\/script>\n<!-- \/ Yoast SEO plugin. -->","yoast_head_json":{"title":"T\u00e9rminos y condiciones - sustania.pe","robots":{"index":"index","follow":"follow","max-snippet":"max-snippet:-1","max-image-preview":"max-image-preview:large","max-video-preview":"max-video-preview:-1"},"canonical":"https:\/\/sustania.pe\/en\/terminos-y-condiciones\/","og_locale":"en_US","og_type":"article","og_title":"T\u00e9rminos y condiciones - sustania.pe","og_description":"T\u00e9rminos y Condiciones El acceso y uso de www.sustania.pe implican la aceptaci\u00f3n de estos T\u00e9rminos y de la Pol\u00edtica de [&hellip;]","og_url":"https:\/\/sustania.pe\/en\/terminos-y-condiciones\/","og_site_name":"sustania.pe","article_modified_time":"2025-11-26T20:28:26+00:00","og_image":[{"width":512,"height":512,"url":"https:\/\/sustania.pe\/wp-content\/uploads\/2025\/11\/cropped-Logo-sustania-4.png","type":"image\/png"}],"twitter_card":"summary_large_image","twitter_misc":{"Est. reading time":"2 minutes"},"schema":{"@context":"https:\/\/schema.org","@graph":[{"@type":"WebPage","@id":"https:\/\/sustania.pe\/terminos-y-condiciones\/","url":"https:\/\/sustania.pe\/terminos-y-condiciones\/","name":"T\u00e9rminos y condiciones - sustania.pe","isPartOf":{"@id":"https:\/\/sustania.pe\/#website"},"datePublished":"2025-10-26T22:00:01+00:00","dateModified":"2025-11-26T20:28:26+00:00","breadcrumb":{"@id":"https:\/\/sustania.pe\/terminos-y-condiciones\/#breadcrumb"},"inLanguage":"en-US","potentialAction":[{"@type":"ReadAction","target":["https:\/\/sustania.pe\/terminos-y-condiciones\/"]}]},{"@type":"BreadcrumbList","@id":"https:\/\/sustania.pe\/terminos-y-condiciones\/#breadcrumb","itemListElement":[{"@type":"ListItem","position":1,"name":"Portada","item":"https:\/\/sustania.pe\/"},{"@type":"ListItem","position":2,"name":"T\u00e9rminos y condiciones"}]},{"@type":"WebSite","@id":"https:\/\/sustania.pe\/#website","url":"https:\/\/sustania.pe\/","name":"sustania.pe","description":"","publisher":{"@id":"https:\/\/sustania.pe\/#organization"},"potentialAction":[{"@type":"SearchAction","target":{"@type":"EntryPoint","urlTemplate":"https:\/\/sustania.pe\/?s={search_term_string}"},"query-input":{"@type":"PropertyValueSpecification","valueRequired":true,"valueName":"search_term_string"}}],"inLanguage":"en-US"},{"@type":"Organization","@id":"https:\/\/sustania.pe\/#organization","name":"sustania.pe","url":"https:\/\/sustania.pe\/","logo":{"@type":"ImageObject","inLanguage":"en-US","@id":"https:\/\/sustania.pe\/#\/schema\/logo\/image\/","url":"https:\/\/sustania.pe\/wp-content\/uploads\/2025\/11\/cropped-Logo-sustania-scaled-1.png","contentUrl":"https:\/\/sustania.pe\/wp-content\/uploads\/2025\/11\/cropped-Logo-sustania-scaled-1.png","width":2353,"height":282,"caption":"sustania.pe"},"image":{"@id":"https:\/\/sustania.pe\/#\/schema\/logo\/image\/"}}]}},"_hostinger_reach_plugin_has_subscription_block":false,"_hostinger_reach_plugin_is_elementor":false,"_links":{"self":[{"href":"https:\/\/sustania.pe\/en\/wp-json\/wp\/v2\/pages\/18","targetHints":{"allow":["GET"]}}],"collection":[{"href":"https:\/\/sustania.pe\/en\/wp-json\/wp\/v2\/pages"}],"about":[{"href":"https:\/\/sustania.pe\/en\/wp-json\/wp\/v2\/types\/page"}],"author":[{"embeddable":true,"href":"https:\/\/sustania.pe\/en\/wp-json\/wp\/v2\/users\/1"}],"replies":[{"embeddable":true,"href":"https:\/\/sustania.pe\/en\/wp-json\/wp\/v2\/comments?post=18"}],"version-history":[{"count":10,"href":"https:\/\/sustania.pe\/en\/wp-json\/wp\/v2\/pages\/18\/revisions"}],"predecessor-version":[{"id":2128,"href":"https:\/\/sustania.pe\/en\/wp-json\/wp\/v2\/pages\/18\/revisions\/2128"}],"wp:attachment":[{"href":"https:\/\/sustania.pe\/en\/wp-json\/wp\/v2\/media?parent=18"}],"curies":[{"name":"wp","href":"https:\/\/api.w.org\/{rel}","templated":true}]}}