{"id":24,"date":"2025-10-26T22:00:56","date_gmt":"2025-10-26T22:00:56","guid":{"rendered":"https:\/\/sustania.pe\/?page_id=24"},"modified":"2025-11-26T20:27:04","modified_gmt":"2025-11-26T20:27:04","slug":"politicas-de-privacidad","status":"publish","type":"page","link":"https:\/\/sustania.pe\/en\/politicas-de-privacidad\/","title":{"rendered":"Privacy policy"},"content":{"rendered":"<div data-elementor-type=\"wp-page\" data-elementor-id=\"24\" class=\"elementor elementor-24\" data-elementor-settings=\"{&quot;element_pack_global_tooltip_width&quot;:{&quot;unit&quot;:&quot;px&quot;,&quot;size&quot;:&quot;&quot;,&quot;sizes&quot;:[]},&quot;element_pack_global_tooltip_width_tablet&quot;:{&quot;unit&quot;:&quot;px&quot;,&quot;size&quot;:&quot;&quot;,&quot;sizes&quot;:[]},&quot;element_pack_global_tooltip_width_mobile&quot;:{&quot;unit&quot;:&quot;px&quot;,&quot;size&quot;:&quot;&quot;,&quot;sizes&quot;:[]},&quot;element_pack_global_tooltip_padding&quot;:{&quot;unit&quot;:&quot;px&quot;,&quot;top&quot;:&quot;&quot;,&quot;right&quot;:&quot;&quot;,&quot;bottom&quot;:&quot;&quot;,&quot;left&quot;:&quot;&quot;,&quot;isLinked&quot;:true},&quot;element_pack_global_tooltip_padding_tablet&quot;:{&quot;unit&quot;:&quot;px&quot;,&quot;top&quot;:&quot;&quot;,&quot;right&quot;:&quot;&quot;,&quot;bottom&quot;:&quot;&quot;,&quot;left&quot;:&quot;&quot;,&quot;isLinked&quot;:true},&quot;element_pack_global_tooltip_padding_mobile&quot;:{&quot;unit&quot;:&quot;px&quot;,&quot;top&quot;:&quot;&quot;,&quot;right&quot;:&quot;&quot;,&quot;bottom&quot;:&quot;&quot;,&quot;left&quot;:&quot;&quot;,&quot;isLinked&quot;:true},&quot;element_pack_global_tooltip_border_radius&quot;:{&quot;unit&quot;:&quot;px&quot;,&quot;top&quot;:&quot;&quot;,&quot;right&quot;:&quot;&quot;,&quot;bottom&quot;:&quot;&quot;,&quot;left&quot;:&quot;&quot;,&quot;isLinked&quot;:true},&quot;element_pack_global_tooltip_border_radius_tablet&quot;:{&quot;unit&quot;:&quot;px&quot;,&quot;top&quot;:&quot;&quot;,&quot;right&quot;:&quot;&quot;,&quot;bottom&quot;:&quot;&quot;,&quot;left&quot;:&quot;&quot;,&quot;isLinked&quot;:true},&quot;element_pack_global_tooltip_border_radius_mobile&quot;:{&quot;unit&quot;:&quot;px&quot;,&quot;top&quot;:&quot;&quot;,&quot;right&quot;:&quot;&quot;,&quot;bottom&quot;:&quot;&quot;,&quot;left&quot;:&quot;&quot;,&quot;isLinked&quot;:true}}\" data-elementor-post-type=\"page\">\n\t\t\t\t<div class=\"elementor-element elementor-element-51a1956 e-flex e-con-boxed e-con e-parent\" data-id=\"51a1956\" data-element_type=\"container\">\n\t\t\t\t\t<div class=\"e-con-inner\">\n\t\t\t\t<div class=\"elementor-element elementor-element-22d3824 elementor-widget elementor-widget-heading\" data-id=\"22d3824\" data-element_type=\"widget\" data-widget_type=\"heading.default\">\n\t\t\t\t\t<h2 class=\"elementor-heading-title elementor-size-default\">Privacy policy<\/h2>\t\t\t\t<\/div>\n\t\t\t\t<div class=\"elementor-element elementor-element-be4e0d9 elementor-widget elementor-widget-text-editor\" data-id=\"be4e0d9\" data-element_type=\"widget\" data-widget_type=\"text-editor.default\">\n\t\t\t\t\t\t\t\t\t<p><strong>1.Data we collect<\/strong><\/p><ul><li>Identification and contact information: name, DNI\/RUC, phone, email, company\/post.<\/li><li>Business relationship and after-sales service: n.Order no.\/service, address of office, support of warranties.<\/li><li>Contributed content: messages, files, and evidence related inquiries, or complaints.<\/li><li>Navigation data: IP, device\/browser, pages visited, and cookies (see Cookie section).<\/li><\/ul><p><strong>2. Purposes of the treatment<\/strong><\/p><ul><li>Deal with enquiries and quotes.<\/li><li>Manage the relationship pre-contractual\/contractual, after-sales and the Book of Claims.<\/li><li>Comply with legal obligations and respond to authorities.<\/li><li>Site security, and fraud prevention.<\/li><li>Marketing and commercial communications, with explicit and revocable consent.<\/li><\/ul><p><strong>3.Foundations and principles<\/strong><\/p><p>Legality, consent, order, proportionality, safety, quality and provision of resource.<\/p><p><strong>4.Conservation<\/strong><\/p><p>We keep the data for the period necessary to fulfill the purposes for which and the periods of prescription. For marketing, until the revocation of consent. The leaves of the Book Claims to be retained for at least 2 years.<\/p><p><strong>5.Managers and transfers<\/strong><\/p><p>We can order the treatment providers (hosting, email, CRM, messaging, analytics), in Peru or abroad, under measures and contractual security measures.<\/p><p><strong>6.Security<\/strong><\/p><p>We apply technical controls, organizational, and legal to protect the confidentiality, integrity and availability of data.<\/p><p><strong>7.Underage<\/strong><\/p><p>Only we process data of minors with consent of their parents or legal guardians, where applicable.<\/p><p><strong>8.Cookies<\/strong><\/p><p>We use necessary cookies and, subject to prior authorization, of analytical and\/or advertising. You can manage them from the banner and your browser.<\/p><p><strong>9.<\/strong><strong>Updates<\/strong><\/p><p>We will post changes to this policy on the web site, indicating the effective date.<\/p>\t\t\t\t\t\t\t\t<\/div>\n\t\t\t\t\t<\/div>\n\t\t\t\t<\/div>\n\t\t\t\t<\/div>","protected":false},"excerpt":{"rendered":"<p>Pol\u00edtica de Privacidad 1.Datos que recopilamos Identificaci\u00f3n y contacto: nombre, DNI\/RUC, tel\u00e9fono, correo electr\u00f3nico, empresa\/cargo. Relaci\u00f3n comercial y posventa: n.\u00ba [&hellip;]<\/p>","protected":false},"author":1,"featured_media":0,"parent":0,"menu_order":0,"comment_status":"closed","ping_status":"closed","template":"","meta":{"site-sidebar-layout":"no-sidebar","site-content-layout":"","ast-site-content-layout":"full-width-container","site-content-style":"default","site-sidebar-style":"default","ast-global-header-display":"","ast-banner-title-visibility":"","ast-main-header-display":"","ast-hfb-above-header-display":"","ast-hfb-below-header-display":"","ast-hfb-mobile-header-display":"","site-post-title":"","ast-breadcrumbs-content":"","ast-featured-img":"disabled","footer-sml-layout":"","theme-transparent-header-meta":"","adv-header-id-meta":"","stick-header-meta":"","header-above-stick-meta":"","header-main-stick-meta":"","header-below-stick-meta":"","astra-migrate-meta-layouts":"default","ast-page-background-enabled":"default","ast-page-background-meta":{"desktop":{"background-color":"var(--ast-global-color-5)","background-image":"","background-repeat":"repeat","background-position":"center center","background-size":"auto","background-attachment":"scroll","background-type":"","background-media":"","overlay-type":"","overlay-color":"","overlay-opacity":"","overlay-gradient":""},"tablet":{"background-color":"","background-image":"","background-repeat":"repeat","background-position":"center center","background-size":"auto","background-attachment":"scroll","background-type":"","background-media":"","overlay-type":"","overlay-color":"","overlay-opacity":"","overlay-gradient":""},"mobile":{"background-color":"","background-image":"","background-repeat":"repeat","background-position":"center center","background-size":"auto","background-attachment":"scroll","background-type":"","background-media":"","overlay-type":"","overlay-color":"","overlay-opacity":"","overlay-gradient":""}},"ast-content-background-meta":{"desktop":{"background-color":"var(--ast-global-color-4)","background-image":"","background-repeat":"repeat","background-position":"center center","background-size":"auto","background-attachment":"scroll","background-type":"","background-media":"","overlay-type":"","overlay-color":"","overlay-opacity":"","overlay-gradient":""},"tablet":{"background-color":"var(--ast-global-color-4)","background-image":"","background-repeat":"repeat","background-position":"center center","background-size":"auto","background-attachment":"scroll","background-type":"","background-media":"","overlay-type":"","overlay-color":"","overlay-opacity":"","overlay-gradient":""},"mobile":{"background-color":"var(--ast-global-color-4)","background-image":"","background-repeat":"repeat","background-position":"center center","background-size":"auto","background-attachment":"scroll","background-type":"","background-media":"","overlay-type":"","overlay-color":"","overlay-opacity":"","overlay-gradient":""}},"_joinchat":[],"footnotes":""},"class_list":["post-24","page","type-page","status-publish","hentry"],"yoast_head":"<!-- This site is optimized with the Yoast SEO plugin v26.5 - https:\/\/yoast.com\/wordpress\/plugins\/seo\/ -->\n<title>Pol\u00edticas de privacidad - sustania.pe<\/title>\n<meta name=\"robots\" content=\"index, follow, max-snippet:-1, max-image-preview:large, max-video-preview:-1\" \/>\n<link rel=\"canonical\" href=\"https:\/\/sustania.pe\/en\/politicas-de-privacidad\/\" \/>\n<meta property=\"og:locale\" content=\"en_US\" \/>\n<meta property=\"og:type\" content=\"article\" \/>\n<meta property=\"og:title\" content=\"Pol\u00edticas de privacidad - sustania.pe\" \/>\n<meta property=\"og:description\" content=\"Pol\u00edtica de Privacidad 1.Datos que recopilamos Identificaci\u00f3n y contacto: nombre, DNI\/RUC, tel\u00e9fono, correo electr\u00f3nico, empresa\/cargo. Relaci\u00f3n comercial y posventa: n.\u00ba [&hellip;]\" \/>\n<meta property=\"og:url\" content=\"https:\/\/sustania.pe\/en\/politicas-de-privacidad\/\" \/>\n<meta property=\"og:site_name\" content=\"sustania.pe\" \/>\n<meta property=\"article:modified_time\" content=\"2025-11-26T20:27:04+00:00\" \/>\n<meta property=\"og:image\" content=\"https:\/\/sustania.pe\/wp-content\/uploads\/2025\/11\/cropped-Logo-sustania-4.png\" \/>\n\t<meta property=\"og:image:width\" content=\"512\" \/>\n\t<meta property=\"og:image:height\" content=\"512\" \/>\n\t<meta property=\"og:image:type\" content=\"image\/png\" \/>\n<meta name=\"twitter:card\" content=\"summary_large_image\" \/>\n<meta name=\"twitter:label1\" content=\"Est. reading time\" \/>\n\t<meta name=\"twitter:data1\" content=\"2 minutes\" \/>\n<script type=\"application\/ld+json\" class=\"yoast-schema-graph\">{\"@context\":\"https:\/\/schema.org\",\"@graph\":[{\"@type\":\"WebPage\",\"@id\":\"https:\/\/sustania.pe\/politicas-de-privacidad\/\",\"url\":\"https:\/\/sustania.pe\/politicas-de-privacidad\/\",\"name\":\"Pol\u00edticas de privacidad - sustania.pe\",\"isPartOf\":{\"@id\":\"https:\/\/sustania.pe\/#website\"},\"datePublished\":\"2025-10-26T22:00:56+00:00\",\"dateModified\":\"2025-11-26T20:27:04+00:00\",\"breadcrumb\":{\"@id\":\"https:\/\/sustania.pe\/politicas-de-privacidad\/#breadcrumb\"},\"inLanguage\":\"en-US\",\"potentialAction\":[{\"@type\":\"ReadAction\",\"target\":[\"https:\/\/sustania.pe\/politicas-de-privacidad\/\"]}]},{\"@type\":\"BreadcrumbList\",\"@id\":\"https:\/\/sustania.pe\/politicas-de-privacidad\/#breadcrumb\",\"itemListElement\":[{\"@type\":\"ListItem\",\"position\":1,\"name\":\"Portada\",\"item\":\"https:\/\/sustania.pe\/\"},{\"@type\":\"ListItem\",\"position\":2,\"name\":\"Pol\u00edticas de privacidad\"}]},{\"@type\":\"WebSite\",\"@id\":\"https:\/\/sustania.pe\/#website\",\"url\":\"https:\/\/sustania.pe\/\",\"name\":\"sustania.pe\",\"description\":\"\",\"publisher\":{\"@id\":\"https:\/\/sustania.pe\/#organization\"},\"potentialAction\":[{\"@type\":\"SearchAction\",\"target\":{\"@type\":\"EntryPoint\",\"urlTemplate\":\"https:\/\/sustania.pe\/?s={search_term_string}\"},\"query-input\":{\"@type\":\"PropertyValueSpecification\",\"valueRequired\":true,\"valueName\":\"search_term_string\"}}],\"inLanguage\":\"en-US\"},{\"@type\":\"Organization\",\"@id\":\"https:\/\/sustania.pe\/#organization\",\"name\":\"sustania.pe\",\"url\":\"https:\/\/sustania.pe\/\",\"logo\":{\"@type\":\"ImageObject\",\"inLanguage\":\"en-US\",\"@id\":\"https:\/\/sustania.pe\/#\/schema\/logo\/image\/\",\"url\":\"https:\/\/sustania.pe\/wp-content\/uploads\/2025\/11\/cropped-Logo-sustania-scaled-1.png\",\"contentUrl\":\"https:\/\/sustania.pe\/wp-content\/uploads\/2025\/11\/cropped-Logo-sustania-scaled-1.png\",\"width\":2353,\"height\":282,\"caption\":\"sustania.pe\"},\"image\":{\"@id\":\"https:\/\/sustania.pe\/#\/schema\/logo\/image\/\"}}]}<\/script>\n<!-- \/ Yoast SEO plugin. -->","yoast_head_json":{"title":"Pol\u00edticas de privacidad - sustania.pe","robots":{"index":"index","follow":"follow","max-snippet":"max-snippet:-1","max-image-preview":"max-image-preview:large","max-video-preview":"max-video-preview:-1"},"canonical":"https:\/\/sustania.pe\/en\/politicas-de-privacidad\/","og_locale":"en_US","og_type":"article","og_title":"Pol\u00edticas de privacidad - sustania.pe","og_description":"Pol\u00edtica de Privacidad 1.Datos que recopilamos Identificaci\u00f3n y contacto: nombre, DNI\/RUC, tel\u00e9fono, correo electr\u00f3nico, empresa\/cargo. Relaci\u00f3n comercial y posventa: n.\u00ba [&hellip;]","og_url":"https:\/\/sustania.pe\/en\/politicas-de-privacidad\/","og_site_name":"sustania.pe","article_modified_time":"2025-11-26T20:27:04+00:00","og_image":[{"width":512,"height":512,"url":"https:\/\/sustania.pe\/wp-content\/uploads\/2025\/11\/cropped-Logo-sustania-4.png","type":"image\/png"}],"twitter_card":"summary_large_image","twitter_misc":{"Est. reading time":"2 minutes"},"schema":{"@context":"https:\/\/schema.org","@graph":[{"@type":"WebPage","@id":"https:\/\/sustania.pe\/politicas-de-privacidad\/","url":"https:\/\/sustania.pe\/politicas-de-privacidad\/","name":"Pol\u00edticas de privacidad - sustania.pe","isPartOf":{"@id":"https:\/\/sustania.pe\/#website"},"datePublished":"2025-10-26T22:00:56+00:00","dateModified":"2025-11-26T20:27:04+00:00","breadcrumb":{"@id":"https:\/\/sustania.pe\/politicas-de-privacidad\/#breadcrumb"},"inLanguage":"en-US","potentialAction":[{"@type":"ReadAction","target":["https:\/\/sustania.pe\/politicas-de-privacidad\/"]}]},{"@type":"BreadcrumbList","@id":"https:\/\/sustania.pe\/politicas-de-privacidad\/#breadcrumb","itemListElement":[{"@type":"ListItem","position":1,"name":"Portada","item":"https:\/\/sustania.pe\/"},{"@type":"ListItem","position":2,"name":"Pol\u00edticas de privacidad"}]},{"@type":"WebSite","@id":"https:\/\/sustania.pe\/#website","url":"https:\/\/sustania.pe\/","name":"sustania.pe","description":"","publisher":{"@id":"https:\/\/sustania.pe\/#organization"},"potentialAction":[{"@type":"SearchAction","target":{"@type":"EntryPoint","urlTemplate":"https:\/\/sustania.pe\/?s={search_term_string}"},"query-input":{"@type":"PropertyValueSpecification","valueRequired":true,"valueName":"search_term_string"}}],"inLanguage":"en-US"},{"@type":"Organization","@id":"https:\/\/sustania.pe\/#organization","name":"sustania.pe","url":"https:\/\/sustania.pe\/","logo":{"@type":"ImageObject","inLanguage":"en-US","@id":"https:\/\/sustania.pe\/#\/schema\/logo\/image\/","url":"https:\/\/sustania.pe\/wp-content\/uploads\/2025\/11\/cropped-Logo-sustania-scaled-1.png","contentUrl":"https:\/\/sustania.pe\/wp-content\/uploads\/2025\/11\/cropped-Logo-sustania-scaled-1.png","width":2353,"height":282,"caption":"sustania.pe"},"image":{"@id":"https:\/\/sustania.pe\/#\/schema\/logo\/image\/"}}]}},"_hostinger_reach_plugin_has_subscription_block":false,"_hostinger_reach_plugin_is_elementor":false,"_links":{"self":[{"href":"https:\/\/sustania.pe\/en\/wp-json\/wp\/v2\/pages\/24","targetHints":{"allow":["GET"]}}],"collection":[{"href":"https:\/\/sustania.pe\/en\/wp-json\/wp\/v2\/pages"}],"about":[{"href":"https:\/\/sustania.pe\/en\/wp-json\/wp\/v2\/types\/page"}],"author":[{"embeddable":true,"href":"https:\/\/sustania.pe\/en\/wp-json\/wp\/v2\/users\/1"}],"replies":[{"embeddable":true,"href":"https:\/\/sustania.pe\/en\/wp-json\/wp\/v2\/comments?post=24"}],"version-history":[{"count":10,"href":"https:\/\/sustania.pe\/en\/wp-json\/wp\/v2\/pages\/24\/revisions"}],"predecessor-version":[{"id":2125,"href":"https:\/\/sustania.pe\/en\/wp-json\/wp\/v2\/pages\/24\/revisions\/2125"}],"wp:attachment":[{"href":"https:\/\/sustania.pe\/en\/wp-json\/wp\/v2\/media?parent=24"}],"curies":[{"name":"wp","href":"https:\/\/api.w.org\/{rel}","templated":true}]}}